{"id":12075,"date":"2022-05-02T14:42:32","date_gmt":"2022-05-02T14:42:32","guid":{"rendered":"https:\/\/www.naturalviavita.com\/?page_id=12075"},"modified":"2022-05-02T15:13:47","modified_gmt":"2022-05-02T15:13:47","slug":"politica-de-confidentialitate","status":"publish","type":"page","link":"https:\/\/www.naturalviavita.com\/ro\/politica-de-confidentialitate\/","title":{"rendered":"Politica de confiden\u021bialitate"},"content":{"rendered":"<div class=\"fusion-fullwidth fullwidth-box fusion-builder-row-1 fusion-flex-container nonhundred-percent-fullwidth non-hundred-percent-height-scrolling\" style=\"--awb-border-radius-top-left:0px;--awb-border-radius-top-right:0px;--awb-border-radius-bottom-right:0px;--awb-border-radius-bottom-left:0px;--awb-flex-wrap:wrap;\" ><div class=\"fusion-builder-row fusion-row fusion-flex-align-items-flex-start fusion-flex-content-wrap\" style=\"max-width:1216.8px;margin-left: calc(-4% \/ 2 );margin-right: calc(-4% \/ 2 );\"><div class=\"fusion-layout-column fusion_builder_column fusion-builder-column-0 fusion_builder_column_1_1 1_1 fusion-flex-column\" style=\"--awb-bg-blend:overlay;--awb-bg-size:cover;--awb-width-large:100%;--awb-margin-top-large:0px;--awb-spacing-right-large:1.92%;--awb-margin-bottom-large:0px;--awb-spacing-left-large:1.92%;--awb-width-medium:100%;--awb-spacing-right-medium:1.92%;--awb-spacing-left-medium:1.92%;--awb-width-small:100%;--awb-spacing-right-small:1.92%;--awb-spacing-left-small:1.92%;\"><div class=\"fusion-column-wrapper fusion-flex-justify-content-flex-start fusion-content-layout-column\"><div class=\"fusion-text fusion-text-1\"><h2 data-fusion-font=\"true\" data-fusion-google-font=\"Merriweather\" data-fusion-google-variant=\"400\" style=\"font-family: Merriweather;\"><b data-fusion-font=\"true\" style=\"font-size: 35px;\">Politica de confiden\u021bialitate pentru Natural Via Vita<\/b><\/h2>\n<p>La Natural Via Vita, accesibil de pe <a href=\"https:\/\/www.naturalviavita.com\/ro\/\">https:\/\/www.naturalviavita.com<\/a>, una dintre priorit\u0103\u021bile noastre principale este confiden\u021bialitatea vizitatorilor no\u0219tri. Aceast\u0103 Politic\u0103 de confiden\u021bialitate con\u021bine tipuri de informa\u021bii care sunt colectate \u0219i \u00eenregistrate de Natural Via Vita \u0219i modul \u00een care le folosim.<\/p>\n<p>Dac\u0103 ave\u021bi \u00eentreb\u0103ri suplimentare sau ave\u021bi nevoie de mai multe informa\u021bii despre Politica noastr\u0103 de confiden\u021bialitate, nu ezita\u021bi s\u0103 ne contacta\u021bi.<\/p>\n<p>Aceast\u0103 Politic\u0103 de confiden\u021bialitate se aplic\u0103 numai activit\u0103\u021bilor noastre online \u0219i este valabil\u0103 pentru vizitatorii site-ului nostru web \u00een ceea ce prive\u0219te informa\u021biile pe care le-au partajat \u0219i\/sau le colecteaz\u0103 \u00een Natural Via Vita. Aceast\u0103 politic\u0103 nu se aplic\u0103 niciunei informa\u021bii colectate offline sau prin alte canale dec\u00e2t acest site web. Politica noastr\u0103 de confiden\u021bialitate a fost creat\u0103 cu ajutorul <a href=\"https:\/\/www.generateprivacypolicy.com\/\">Generatorului gratuit de politici de confiden\u021bialitate<\/a>.<\/p>\n<h2 data-fusion-font=\"true\" data-fusion-google-font=\"Merriweather\" data-fusion-google-variant=\"300\" style=\"font-family: Merriweather;\"><b data-fusion-font=\"true\" style=\"font-size: 25px;\">Consim\u021b\u0103m\u00e2nt<\/b><\/h2>\n<p>Prin utilizarea site-ului nostru web, sunte\u021bi de acord cu Politica noastr\u0103 de confiden\u021bialitate \u0219i sunte\u021bi de acord cu termenii acesteia.<\/p>\n<h2 data-fusion-font=\"true\" data-fusion-google-font=\"Merriweather\" data-fusion-google-variant=\"300\" style=\"font-family: Merriweather; font-size: 25px;\"><b>Informa\u021biile pe care le colect\u0103m<\/b><\/h2>\n<p>Informa\u021biile personale pe care vi se cere s\u0103 le furniza\u021bi \u0219i motivele pentru care vi se cere s\u0103 le furniza\u021bi v\u0103 vor fi clarificate \u00een momentul \u00een care v\u0103 cerem s\u0103 furniza\u021bi informa\u021biile dumneavoastr\u0103 personale.<\/p>\n<p>Dac\u0103 ne contacta\u021bi direct, este posibil s\u0103 primim informa\u021bii suplimentare despre dvs., cum ar fi numele dvs., adresa de e-mail, num\u0103rul de telefon, con\u021binutul mesajului \u0219i\/sau ata\u0219amentele pe care ni le pute\u021bi trimite \u0219i orice alte informa\u021bii pe care a\u021bi putea alege s\u0103 le furniza\u021bi.<\/p>\n<p>C\u00e2nd v\u0103 \u00eenregistra\u021bi pentru un Cont, este posibil s\u0103 v\u0103 solicit\u0103m informa\u021biile de contact, inclusiv elemente precum numele, numele companiei, adresa, adresa de e-mail \u0219i num\u0103rul de telefon.<\/p>\n<h2 data-fusion-font=\"true\" data-fusion-google-font=\"Merriweather\" data-fusion-google-variant=\"300\" style=\"font-family: Merriweather;\"><b data-fusion-font=\"true\" style=\"font-size: 25px;\">Cum folosim informa\u021biile tale<\/b><\/h2>\n<p>Folosim informa\u021biile pe care le colect\u0103m \u00een diferite moduri, inclusiv pentru:<\/p>\n<ul>\n<li>Operarea \u0219i \u00eentre\u021binerea site-ului nostru web<\/li>\n<li>\u00cembun\u0103t\u0103\u021birea, personalizarea \u0219i extinderea site-ul uinostru web<\/li>\n<li>\u00cen\u021belegerea \u0219i analizarea modul \u00een care utiliza\u021bi site-ul nostru<\/li>\n<li>Dezvoltarea de noi produse, servicii, caracteristici \u0219i func\u021bionalit\u0103\u021bi<\/li>\n<li>Comunicarea cu dvs., fie direct, fie prin intermediul unuia dintre partenerii no\u0219tri, inclusiv pentru serviciul clien\u021bi, pentru a v\u0103 oferi actualiz\u0103ri \u0219i alte informa\u021bii referitoare la site-ul web \u0219i \u00een scopuri de marketing \u0219i promo\u021bionale<\/li>\n<li>Trimiterea de emailuri<\/li>\n<li>Identificarea \u0219i prevenirea fraudelor<\/li>\n<\/ul>\n<h2 data-fusion-font=\"true\" data-fusion-google-font=\"Merriweather\" data-fusion-google-variant=\"300\" style=\"font-family: Merriweather; font-size: 25px;\"><b>Log Files \/ Fi\u0219iere jurnal<\/b><\/h2>\n<p>Natural Via Vita urmeaz\u0103 o procedur\u0103 standard de utilizare a fi\u0219ierelor jurnal. Aceste fi\u0219iere \u00eenregistreaz\u0103 vizitatorii atunci c\u00e2nd viziteaz\u0103 site-uri web. Toate companiile de g\u0103zduire fac acest lucru \u0219i pentru analiza serviciilor de g\u0103zduire. Informa\u021biile colectate de fi\u0219ierele jurnal includ adrese de protocol de internet (IP), tipul de browser, furnizorul de servicii de internet (ISP), marcajul de dat\u0103 \u0219i or\u0103, pagini de referin\u021b\u0103\/ie\u0219ire \u0219i, eventual, num\u0103rul de clicuri. Acestea nu sunt legate de nicio informa\u021bie care poate fi identificat\u0103 personal. Scopul informa\u021biilor este analizarea tendin\u021belor, administrarea site-ului, urm\u0103rirea mi\u0219c\u0103rii utilizatorilor pe site \u0219i colectarea de informa\u021bii demografice.<\/p>\n<h2 data-fusion-font=\"true\" data-fusion-google-font=\"Merriweather\" data-fusion-google-variant=\"300\" style=\"font-family: Merriweather;\"><b data-fusion-font=\"true\" style=\"font-size: 25px;\">Cookies \u0219i Web Beacons<\/b><\/h2>\n<p>Ca orice alt site web, Natural Via Vita folose\u0219te \u201ecookie-uri\u201d. Aceste cookie-uri sunt folosite pentru a stoca informa\u021bii, inclusiv preferin\u021bele vizitatorilor \u0219i paginile de pe site-ul web pe care vizitatorul le-a accesat sau le-a vizitat. Informa\u021biile sunt utilizate pentru a optimiza experien\u021ba utilizatorilor prin personalizarea con\u021binutului paginii noastre web pe baza tipului de browser al vizitatorilor \u0219i\/sau a altor informa\u021bii.<\/p>\n<p>Pentru mai multe informa\u021bii generale despre cookie-uri, v\u0103 rug\u0103m s\u0103 citi\u021bi articolul <a href=\"https:\/\/www.generateprivacypolicy.com\/#cookies\">Cookie-uri de pe site-ul web Generare Politica de confiden\u021bialitate.<\/a><\/p>\n<h2 data-fusion-font=\"true\" data-fusion-google-font=\"Merriweather\" data-fusion-google-variant=\"300\" style=\"font-family: Merriweather; font-size: 25px;\"><b>Google DoubleClick DART Cookie<\/b><\/h2>\n<p>Google este unul dintre furnizorii ter\u021bi de pe site-ul nostru. De asemenea, acesta utilizeaz\u0103 cookie-uri, cunoscute sub numele de cookie-uri DART, pentru a difuza reclame vizitatorilor site-ului nostru pe baza vizitei acestora pe www.naturalviavita.com \u0219i pe alte site-uri de pe internet. Cu toate acestea, vizitatorii pot alege s\u0103 refuze utilizarea cookie-urilor DART, vizit\u00e2nd Politica de confiden\u021bialitate a re\u021belei de anun\u021buri \u0219i de con\u021binut Google la urm\u0103toarea adres\u0103 URL \u2013 <a href=\"https:\/\/policies.google.com\/technologies\/ads\">https:\/\/policies.google.com\/technologies\/ads<\/a><\/p>\n<h2 data-fusion-font=\"true\" data-fusion-google-font=\"Merriweather\" data-fusion-google-variant=\"300\" style=\"font-family: Merriweather;\"><b data-fusion-font=\"true\" style=\"font-size: 25px;\">Politica de confiden\u021bialitate Parteneri<\/b><\/h2>\n<p>Pute\u021bi solicita \u0219i consulta aceast\u0103 list\u0103 pentru a g\u0103si Politica de confiden\u021bialitate pentru fiecare dintre partenerii de publicitate Natural Via Vita.<\/p>\n<p>Serverele publicitare ter\u021be sau re\u021belele publicitare utilizeaz\u0103 tehnologii precum cookie-uri, JavaScript sau Web Beacons, care sunt utilizate \u00een reclamele \u0219i linkurile respective care apar pe Natural Via Vita, care sunt trimise direct c\u0103tre browserul utilizatorilor. Ei primesc automat adresa dvs. IP atunci c\u00e2nd se \u00eent\u00e2mpl\u0103 acest lucru. Aceste tehnologii sunt folosite pentru a m\u0103sura eficacitatea campaniilor lor publicitare \u0219i\/sau pentru a personaliza con\u021binutul publicitar pe care \u00eel vede\u021bi pe site-urile web pe care le vizita\u021bi.<\/p>\n<p>Re\u021bine\u021bi c\u0103 Natural Via Vita nu are acces sau control asupra acestor cookie-uri care sunt utilizate de agen\u021bii de publicitate ter\u021bi.<\/p>\n<h2 data-fusion-font=\"true\" data-fusion-google-font=\"Merriweather\" data-fusion-google-variant=\"300\" style=\"font-family: Merriweather;\"><b data-fusion-font=\"true\" style=\"font-size: 25px;\">Politica de confiden\u021bialitate Ter\u021bi<\/b><\/h2>\n<p>Politica de confiden\u021bialitate a Natural Via Vita nu se aplic\u0103 altor agen\u021bi de publicitate sau site-uri web. Astfel, v\u0103 sf\u0103tuim s\u0103 consulta\u021bi Politicile de confiden\u021bialitate respective ale acestor servere de anun\u021buri ter\u021be pentru informa\u021bii mai detaliate. Aceste politici pot include practicile \u0219i instruc\u021biunile lor despre cum s\u0103 renun\u021bi la anumite op\u021biuni.<\/p>\n<p>Pute\u021bi alege s\u0103 dezactiva\u021bi cookie-urile prin op\u021biunile individuale ale browserului. Pentru a afla informa\u021bii mai detaliate despre gestionarea cookie-urilor cu anumite browsere web, acestea pot fi g\u0103site pe site-urile respective ale browserelor.<\/p>\n<h2 data-fusion-font=\"true\" data-fusion-google-font=\"Merriweather\" data-fusion-google-variant=\"300\" style=\"font-family: Merriweather;\"><b data-fusion-font=\"true\" style=\"font-size: 25px;\">CCPA Privacy Rights (Do Not Sell My Personal Information)<\/b><\/h2>\n<p>Conform CCPA, printre alte drepturi, consumatorii din California au dreptul la:<\/p>\n<p>Solicite ca o companie care colecteaz\u0103 date personale ale unui consumator s\u0103 dezv\u0103luie categoriile \u0219i anumite date cu caracter personal pe care o companie le-a colectat despre consumatori.<\/p>\n<p>Solicite unei companii s\u0103 \u0219tearg\u0103 orice date personale despre consumator pe care o companie le-a colectat.<\/p>\n<p>Solicite ca o companie care vinde bazele de date personale ale consumatorilor, s\u0103 nu v\u00e2nd\u0103 datele personale ale sale.<\/p>\n<p>Dac\u0103 face o cerere, avem o lun\u0103 pentru a r\u0103spunde. Dac\u0103 dori\u021bi s\u0103 v\u0103 exercita\u021bi oricare dintre aceste drepturi, v\u0103 rug\u0103m s\u0103 ne contacta\u021bi.<\/p>\n<h2 data-fusion-font=\"true\" data-fusion-google-font=\"Merriweather\" data-fusion-google-variant=\"300\" style=\"font-family: Merriweather; font-size: 25px;\"><b>GDPR &#8211; Protec\u021bia datelor personale<\/b><\/h2>\n<p>Am dori s\u0103 ne asigur\u0103m c\u0103 sunte\u021bi pe deplin con\u0219tient de toate drepturile dumneavoastr\u0103 de protec\u021bie a datelor. Fiecare utilizator are dreptul la urm\u0103toarele:<\/p>\n<p>Dreptul de acces \u2013 Ave\u021bi dreptul de a solicita copii ale datelor dumneavoastr\u0103 personale. Este posibil s\u0103 v\u0103 percepem o mic\u0103 tax\u0103 pentru acest serviciu.<\/p>\n<p>Dreptul la rectificare \u2013 Ave\u021bi dreptul de a solicita s\u0103 corect\u0103m orice informa\u021bii despre care crede\u021bi c\u0103 sunt inexacte. De asemenea, ave\u021bi dreptul de a solicita s\u0103 complet\u0103m informa\u021biile pe care le considera\u021bi incomplete.<\/p>\n<p>Dreptul la \u0219tergere \u2013 Ave\u021bi dreptul de a solicita \u0219tergerea datelor dumneavoastr\u0103 cu caracter personal, \u00een anumite condi\u021bii.<\/p>\n<p>Dreptul de a restric\u021biona prelucrarea \u2013 Ave\u021bi dreptul de a solicita s\u0103 restric\u021bion\u0103m prelucrarea datelor dumneavoastr\u0103 cu caracter personal, \u00een anumite condi\u021bii.<\/p>\n<p>Dreptul de a v\u0103 opune prelucr\u0103rii \u2013 ave\u021bi dreptul de a v\u0103 opune prelucr\u0103rii de c\u0103tre noi a datelor dumneavoastr\u0103 cu caracter personal, \u00een anumite condi\u021bii.<\/p>\n<p>Dreptul la portabilitatea datelor \u2013 Ave\u021bi dreptul de a solicita s\u0103 transfer\u0103m datele pe care le-am colectat c\u0103tre o alt\u0103 organiza\u021bie, sau direct c\u0103tre dumneavoastr\u0103, \u00een anumite condi\u021bii.<\/p>\n<p>Dac\u0103 face o cerere, avem o lun\u0103 pentru a r\u0103spunde. Dac\u0103 dori\u021bi s\u0103 v\u0103 exercita\u021bi oricare dintre aceste drepturi, v\u0103 rug\u0103m s\u0103 ne contacta\u021bi.<\/p>\n<h2 data-fusion-font=\"true\" data-fusion-google-font=\"Merriweather\" data-fusion-google-variant=\"300\" style=\"font-family: Merriweather;\"><b data-fusion-font=\"true\" style=\"font-size: 25px;\">Informa\u021bii referitoare la copii<\/b><\/h2>\n<p>O alt\u0103 parte a priorit\u0103\u021bii noastre este protejarea copiilor \u00een timpul utiliz\u0103rii internetului. \u00cencuraj\u0103m p\u0103rin\u021bii \u0219i tutorii s\u0103 observe, s\u0103 participe, s\u0103 monitorizeze \u0219i\/sau s\u0103 ghideze activitatea online a minorilor.<\/p>\n<p>Natural Via Vita nu colecteaz\u0103 cu bun\u0103 \u0219tiin\u021b\u0103 informa\u021bii personale de identificare de la copii sub 13 ani. Dac\u0103 \u0219ti\u021bi sau b\u0103nui\u021bi c\u0103 un copil a furnizat acest tip de informa\u021bii pe site-ul nostru, v\u0103 \u00eencuraj\u0103m s\u0103 ne contacta\u021bi imediat \u0219i vom face tot ce trebuie pentru a elimina prompt astfel de informa\u021bii din eviden\u021bele noastre.<\/p>\n<\/div><div class=\"fusion-separator fusion-full-width-sep\" style=\"align-self: center;margin-left: auto;margin-right: auto;margin-top:35px;width:100%;\"><div class=\"fusion-separator-border sep-single sep-solid\" style=\"--awb-height:20px;--awb-amount:20px;--awb-sep-color:rgba(255,255,255,0);border-color:rgba(255,255,255,0);border-top-width:1px;\"><\/div><\/div><\/div><\/div><\/div><\/div>\n","protected":false},"excerpt":{"rendered":"","protected":false},"author":1,"featured_media":0,"parent":0,"menu_order":0,"comment_status":"closed","ping_status":"closed","template":"","meta":{"footnotes":""},"class_list":["post-12075","page","type-page","status-publish","hentry"],"yoast_head":"<!-- This site is optimized with the Yoast SEO plugin v27.4 - https:\/\/yoast.com\/product\/yoast-seo-wordpress\/ -->\n<title>Politica de confiden\u021bialitate - Natural Via Vita<\/title>\n<meta name=\"description\" content=\"La NaturalViaVita, una dintre priorit\u0103\u021bile noastre principale este confiden\u021bialitatea vizitatorilor no\u0219tri. Politica de confiden\u021bialitate con\u021bine datele care sunt colectate \u0219i cum le folosim .\" \/>\n<meta name=\"robots\" content=\"index, follow, max-snippet:-1, max-image-preview:large, max-video-preview:-1\" \/>\n<link rel=\"canonical\" href=\"https:\/\/www.naturalviavita.com\/ro\/politica-de-confidentialitate\/\" \/>\n<meta property=\"og:locale\" content=\"ro_RO\" \/>\n<meta property=\"og:type\" content=\"article\" \/>\n<meta property=\"og:title\" content=\"Politica de confiden\u021bialitate - Natural Via Vita\" \/>\n<meta property=\"og:description\" content=\"La NaturalViaVita, una dintre priorit\u0103\u021bile noastre principale este confiden\u021bialitatea vizitatorilor no\u0219tri. Politica de confiden\u021bialitate con\u021bine datele care sunt colectate \u0219i cum le folosim .\" \/>\n<meta property=\"og:url\" content=\"https:\/\/www.naturalviavita.com\/ro\/politica-de-confidentialitate\/\" \/>\n<meta property=\"og:site_name\" content=\"Natural Via Vita\" \/>\n<meta property=\"article:publisher\" content=\"https:\/\/www.facebook.com\/naturalviavita\" \/>\n<meta property=\"article:modified_time\" content=\"2022-05-02T15:13:47+00:00\" \/>\n<meta name=\"twitter:card\" content=\"summary_large_image\" \/>\n<meta name=\"twitter:label1\" content=\"Timp estimat pentru citire\" \/>\n\t<meta name=\"twitter:data1\" content=\"8 minute\" \/>\n<script type=\"application\/ld+json\" class=\"yoast-schema-graph\">{\"@context\":\"https:\\\/\\\/schema.org\",\"@graph\":[{\"@type\":\"WebPage\",\"@id\":\"https:\\\/\\\/www.naturalviavita.com\\\/ro\\\/politica-de-confidentialitate\\\/\",\"url\":\"https:\\\/\\\/www.naturalviavita.com\\\/ro\\\/politica-de-confidentialitate\\\/\",\"name\":\"Politica de confiden\u021bialitate - Natural Via Vita\",\"isPartOf\":{\"@id\":\"https:\\\/\\\/www.naturalviavita.com\\\/ro\\\/#website\"},\"datePublished\":\"2022-05-02T14:42:32+00:00\",\"dateModified\":\"2022-05-02T15:13:47+00:00\",\"description\":\"La NaturalViaVita, una dintre priorit\u0103\u021bile noastre principale este confiden\u021bialitatea vizitatorilor no\u0219tri. Politica de confiden\u021bialitate con\u021bine datele care sunt colectate \u0219i cum le folosim .\",\"breadcrumb\":{\"@id\":\"https:\\\/\\\/www.naturalviavita.com\\\/ro\\\/politica-de-confidentialitate\\\/#breadcrumb\"},\"inLanguage\":\"ro-RO\",\"potentialAction\":[{\"@type\":\"ReadAction\",\"target\":[\"https:\\\/\\\/www.naturalviavita.com\\\/ro\\\/politica-de-confidentialitate\\\/\"]}]},{\"@type\":\"BreadcrumbList\",\"@id\":\"https:\\\/\\\/www.naturalviavita.com\\\/ro\\\/politica-de-confidentialitate\\\/#breadcrumb\",\"itemListElement\":[{\"@type\":\"ListItem\",\"position\":1,\"name\":\"Home\",\"item\":\"https:\\\/\\\/www.naturalviavita.com\\\/ro\\\/\"},{\"@type\":\"ListItem\",\"position\":2,\"name\":\"Politica de confiden\u021bialitate\"}]},{\"@type\":\"WebSite\",\"@id\":\"https:\\\/\\\/www.naturalviavita.com\\\/ro\\\/#website\",\"url\":\"https:\\\/\\\/www.naturalviavita.com\\\/ro\\\/\",\"name\":\"Natural Via Vita\",\"description\":\"Lumea Uleiurilor Esen\u021biale\",\"publisher\":{\"@id\":\"https:\\\/\\\/www.naturalviavita.com\\\/ro\\\/#organization\"},\"potentialAction\":[{\"@type\":\"SearchAction\",\"target\":{\"@type\":\"EntryPoint\",\"urlTemplate\":\"https:\\\/\\\/www.naturalviavita.com\\\/ro\\\/?s={search_term_string}\"},\"query-input\":{\"@type\":\"PropertyValueSpecification\",\"valueRequired\":true,\"valueName\":\"search_term_string\"}}],\"inLanguage\":\"ro-RO\"},{\"@type\":\"Organization\",\"@id\":\"https:\\\/\\\/www.naturalviavita.com\\\/ro\\\/#organization\",\"name\":\"Natural Via Vita\",\"url\":\"https:\\\/\\\/www.naturalviavita.com\\\/ro\\\/\",\"logo\":{\"@type\":\"ImageObject\",\"inLanguage\":\"ro-RO\",\"@id\":\"https:\\\/\\\/www.naturalviavita.com\\\/ro\\\/#\\\/schema\\\/logo\\\/image\\\/\",\"url\":\"https:\\\/\\\/www.naturalviavita.com\\\/wp-content\\\/uploads\\\/2022\\\/05\\\/logo-natural-via-vita-2-1x1-1.jpg\",\"contentUrl\":\"https:\\\/\\\/www.naturalviavita.com\\\/wp-content\\\/uploads\\\/2022\\\/05\\\/logo-natural-via-vita-2-1x1-1.jpg\",\"width\":900,\"height\":900,\"caption\":\"Natural Via Vita\"},\"image\":{\"@id\":\"https:\\\/\\\/www.naturalviavita.com\\\/ro\\\/#\\\/schema\\\/logo\\\/image\\\/\"},\"sameAs\":[\"https:\\\/\\\/www.facebook.com\\\/naturalviavita\",\"https:\\\/\\\/www.pinterest.com\\\/naturalviavita\\\/\"]}]}<\/script>\n<!-- \/ Yoast SEO plugin. -->","yoast_head_json":{"title":"Politica de confiden\u021bialitate - Natural Via Vita","description":"La NaturalViaVita, una dintre priorit\u0103\u021bile noastre principale este confiden\u021bialitatea vizitatorilor no\u0219tri. Politica de confiden\u021bialitate con\u021bine datele care sunt colectate \u0219i cum le folosim .","robots":{"index":"index","follow":"follow","max-snippet":"max-snippet:-1","max-image-preview":"max-image-preview:large","max-video-preview":"max-video-preview:-1"},"canonical":"https:\/\/www.naturalviavita.com\/ro\/politica-de-confidentialitate\/","og_locale":"ro_RO","og_type":"article","og_title":"Politica de confiden\u021bialitate - Natural Via Vita","og_description":"La NaturalViaVita, una dintre priorit\u0103\u021bile noastre principale este confiden\u021bialitatea vizitatorilor no\u0219tri. Politica de confiden\u021bialitate con\u021bine datele care sunt colectate \u0219i cum le folosim .","og_url":"https:\/\/www.naturalviavita.com\/ro\/politica-de-confidentialitate\/","og_site_name":"Natural Via Vita","article_publisher":"https:\/\/www.facebook.com\/naturalviavita","article_modified_time":"2022-05-02T15:13:47+00:00","twitter_card":"summary_large_image","twitter_misc":{"Timp estimat pentru citire":"8 minute"},"schema":{"@context":"https:\/\/schema.org","@graph":[{"@type":"WebPage","@id":"https:\/\/www.naturalviavita.com\/ro\/politica-de-confidentialitate\/","url":"https:\/\/www.naturalviavita.com\/ro\/politica-de-confidentialitate\/","name":"Politica de confiden\u021bialitate - Natural Via Vita","isPartOf":{"@id":"https:\/\/www.naturalviavita.com\/ro\/#website"},"datePublished":"2022-05-02T14:42:32+00:00","dateModified":"2022-05-02T15:13:47+00:00","description":"La NaturalViaVita, una dintre priorit\u0103\u021bile noastre principale este confiden\u021bialitatea vizitatorilor no\u0219tri. Politica de confiden\u021bialitate con\u021bine datele care sunt colectate \u0219i cum le folosim .","breadcrumb":{"@id":"https:\/\/www.naturalviavita.com\/ro\/politica-de-confidentialitate\/#breadcrumb"},"inLanguage":"ro-RO","potentialAction":[{"@type":"ReadAction","target":["https:\/\/www.naturalviavita.com\/ro\/politica-de-confidentialitate\/"]}]},{"@type":"BreadcrumbList","@id":"https:\/\/www.naturalviavita.com\/ro\/politica-de-confidentialitate\/#breadcrumb","itemListElement":[{"@type":"ListItem","position":1,"name":"Home","item":"https:\/\/www.naturalviavita.com\/ro\/"},{"@type":"ListItem","position":2,"name":"Politica de confiden\u021bialitate"}]},{"@type":"WebSite","@id":"https:\/\/www.naturalviavita.com\/ro\/#website","url":"https:\/\/www.naturalviavita.com\/ro\/","name":"Natural Via Vita","description":"Lumea Uleiurilor Esen\u021biale","publisher":{"@id":"https:\/\/www.naturalviavita.com\/ro\/#organization"},"potentialAction":[{"@type":"SearchAction","target":{"@type":"EntryPoint","urlTemplate":"https:\/\/www.naturalviavita.com\/ro\/?s={search_term_string}"},"query-input":{"@type":"PropertyValueSpecification","valueRequired":true,"valueName":"search_term_string"}}],"inLanguage":"ro-RO"},{"@type":"Organization","@id":"https:\/\/www.naturalviavita.com\/ro\/#organization","name":"Natural Via Vita","url":"https:\/\/www.naturalviavita.com\/ro\/","logo":{"@type":"ImageObject","inLanguage":"ro-RO","@id":"https:\/\/www.naturalviavita.com\/ro\/#\/schema\/logo\/image\/","url":"https:\/\/www.naturalviavita.com\/wp-content\/uploads\/2022\/05\/logo-natural-via-vita-2-1x1-1.jpg","contentUrl":"https:\/\/www.naturalviavita.com\/wp-content\/uploads\/2022\/05\/logo-natural-via-vita-2-1x1-1.jpg","width":900,"height":900,"caption":"Natural Via Vita"},"image":{"@id":"https:\/\/www.naturalviavita.com\/ro\/#\/schema\/logo\/image\/"},"sameAs":["https:\/\/www.facebook.com\/naturalviavita","https:\/\/www.pinterest.com\/naturalviavita\/"]}]}},"_links":{"self":[{"href":"https:\/\/www.naturalviavita.com\/ro\/wp-json\/wp\/v2\/pages\/12075","targetHints":{"allow":["GET"]}}],"collection":[{"href":"https:\/\/www.naturalviavita.com\/ro\/wp-json\/wp\/v2\/pages"}],"about":[{"href":"https:\/\/www.naturalviavita.com\/ro\/wp-json\/wp\/v2\/types\/page"}],"author":[{"embeddable":true,"href":"https:\/\/www.naturalviavita.com\/ro\/wp-json\/wp\/v2\/users\/1"}],"replies":[{"embeddable":true,"href":"https:\/\/www.naturalviavita.com\/ro\/wp-json\/wp\/v2\/comments?post=12075"}],"version-history":[{"count":0,"href":"https:\/\/www.naturalviavita.com\/ro\/wp-json\/wp\/v2\/pages\/12075\/revisions"}],"wp:attachment":[{"href":"https:\/\/www.naturalviavita.com\/ro\/wp-json\/wp\/v2\/media?parent=12075"}],"curies":[{"name":"wp","href":"https:\/\/api.w.org\/{rel}","templated":true}]}}