{"id":13122,"date":"2022-09-16T15:34:09","date_gmt":"2022-09-16T15:34:09","guid":{"rendered":"https:\/\/www.naturalviavita.com\/ghidul-afectiunilor\/ghidul-tuturor-afectiunilor\/"},"modified":"2022-11-05T09:16:17","modified_gmt":"2022-11-05T09:16:17","slug":"afectiuni","status":"publish","type":"page","link":"https:\/\/www.naturalviavita.com\/ro\/ghidul-afectiunilor\/afectiuni\/","title":{"rendered":"Ghidul tuturor afec\u021biunilor"},"content":{"rendered":"<p><div class=\"fusion-fullwidth fullwidth-box fusion-builder-row-1 fusion-flex-container nonhundred-percent-fullwidth non-hundred-percent-height-scrolling\" style=\"--awb-background-position:right top;--awb-border-radius-top-left:0px;--awb-border-radius-top-right:0px;--awb-border-radius-bottom-right:0px;--awb-border-radius-bottom-left:0px;--awb-flex-wrap:wrap;\" ><div class=\"fusion-builder-row fusion-row fusion-flex-align-items-flex-start fusion-flex-content-wrap\" style=\"max-width:1216.8px;margin-left: calc(-4% \/ 2 );margin-right: calc(-4% \/ 2 );\"><div class=\"fusion-layout-column fusion_builder_column fusion-builder-column-0 fusion_builder_column_1_1 1_1 fusion-flex-column\" style=\"--awb-bg-size:cover;--awb-width-large:100%;--awb-margin-top-large:0px;--awb-spacing-right-large:1.92%;--awb-margin-bottom-large:0px;--awb-spacing-left-large:1.92%;--awb-width-medium:100%;--awb-order-medium:0;--awb-spacing-right-medium:1.92%;--awb-spacing-left-medium:1.92%;--awb-width-small:100%;--awb-order-small:0;--awb-spacing-right-small:1.92%;--awb-spacing-left-small:1.92%;\"><div class=\"fusion-column-wrapper fusion-column-has-shadow fusion-flex-justify-content-flex-start fusion-content-layout-column\"><div class=\"fusion-title title fusion-title-1 fusion-sep-none fusion-title-text fusion-title-size-one\"><h1 class=\"fusion-title-heading title-heading-left\" style=\"margin:0;\"><h1 style=\"text-align: center;\"><span style=\"color: #643a71;\">Afec\u021biuni<\/span><\/h1><\/h1><\/div><div style=\"text-align:center;\"><a class=\"fusion-button button-3d fusion-button-default-size button-custom fusion-button-default button-1 fusion-button-default-span \" style=\"--button_bevel_color:var(--awb-color6);--button_bevel_color_hover:var(--awb-color6);--button_accent_color:var(--awb-color1);--button_accent_hover_color:var(--awb-color1);--button_border_hover_color:var(--awb-color1);--button-border-radius-top-left:5px;--button-border-radius-top-right:5px;--button-border-radius-bottom-right:5px;--button-border-radius-bottom-left:5px;--button_gradient_top_color:var(--awb-custom_color_1);--button_gradient_bottom_color:var(--awb-custom_color_1);--button_gradient_top_color_hover:rgba(100,58,113,0.5);--button_gradient_bottom_color_hover:rgba(100,58,113,0.5);--button_text_transform:none;\" target=\"_self\" href=\"https:\/\/www.naturalviavita.com\/ro\/ghidul-afectiunilor\/\"><i class=\"fa-angle-left fas awb-button__icon awb-button__icon--default button-icon-left\" aria-hidden=\"true\"><\/i><span class=\"fusion-button-text awb-button__text awb-button__text--default\">\u00cenapoi la Ghidul Afec\u021biunilor<\/span><\/a><\/div><div class=\"fusion-separator fusion-full-width-sep\" style=\"align-self: center;margin-left: auto;margin-right: auto;margin-top:35px;width:100%;\"><\/div><\/div><\/div><\/div><\/div><div class=\"fusion-fullwidth fullwidth-box fusion-builder-row-2 fusion-flex-container fusion-parallax-none nonhundred-percent-fullwidth non-hundred-percent-height-scrolling lazyload\" style=\"--awb-background-position:right top;--awb-border-radius-top-left:0px;--awb-border-radius-top-right:0px;--awb-border-radius-bottom-right:0px;--awb-border-radius-bottom-left:0px;--awb-background-size:cover;--awb-flex-wrap:wrap;\" data-bg=\"https:\/\/www.naturalviavita.com\/wp-content\/uploads\/2022\/03\/My-project-2.jpg\" ><div class=\"fusion-builder-row fusion-row fusion-flex-align-items-flex-start fusion-flex-content-wrap\" style=\"max-width:1216.8px;margin-left: calc(-4% \/ 2 );margin-right: calc(-4% \/ 2 );\"><div class=\"fusion-layout-column fusion_builder_column fusion-builder-column-1 fusion_builder_column_1_1 1_1 fusion-flex-column\" style=\"--awb-bg-size:cover;--awb-width-large:100%;--awb-margin-top-large:0px;--awb-spacing-right-large:1.92%;--awb-margin-bottom-large:0px;--awb-spacing-left-large:1.92%;--awb-width-medium:100%;--awb-order-medium:0;--awb-spacing-right-medium:1.92%;--awb-spacing-left-medium:1.92%;--awb-width-small:100%;--awb-order-small:0;--awb-spacing-right-small:1.92%;--awb-spacing-left-small:1.92%;\"><div class=\"fusion-column-wrapper fusion-column-has-shadow fusion-flex-justify-content-flex-start fusion-content-layout-column\"><div class=\"fusion-separator fusion-full-width-sep\" style=\"align-self: center;margin-left: auto;margin-right: auto;margin-top:35px;width:100%;\"><\/div><\/div><\/div><div class=\"fusion-layout-column fusion_builder_column fusion-builder-column-2 fusion_builder_column_2_3 2_3 fusion-flex-column\" style=\"--awb-padding-top:20px;--awb-padding-right:20px;--awb-padding-bottom:20px;--awb-padding-left:20px;--awb-bg-size:cover;--awb-width-large:66.666666666667%;--awb-margin-top-large:0px;--awb-spacing-right-large:2.88%;--awb-margin-bottom-large:0px;--awb-spacing-left-large:2.88%;--awb-width-medium:100%;--awb-order-medium:0;--awb-spacing-right-medium:1.92%;--awb-spacing-left-medium:1.92%;--awb-width-small:100%;--awb-order-small:0;--awb-spacing-right-small:1.92%;--awb-spacing-left-small:1.92%;\"><div class=\"fusion-column-wrapper fusion-column-has-shadow fusion-flex-justify-content-flex-start fusion-content-layout-column\"><div class=\"fusion-blog-shortcode fusion-blog-shortcode-1 fusion-blog-archive fusion-blog-layout-grid-wrapper fusion-blog-pagination fusion-blog-no-images\" style=\"--awb-title-font-family:&quot;Open Sans Condensed Bold&quot;;--awb-title-font-style:normal;--awb-title-font-weight:400;--grid_separator_color:rgba(255,255,255,0.1);\"><style type=\"text\/css\">.fusion-blog-shortcode-1 .fusion-blog-layout-grid .fusion-post-grid{padding:10px;}.fusion-blog-shortcode-1 .fusion-posts-container{margin-left: -10px !important; margin-right:-10px !important;}<\/style><div class=\"fusion-posts-container fusion-posts-container-pagination fusion-no-meta-info fusion-blog-layout-grid fusion-blog-layout-grid-1 isotope\" data-pages=\"1\" data-grid-col-space=\"20\" style=\"margin: -10px -10px 0;min-height:500px;\"><article id=\"blog-1-post-13104\" class=\"fusion-post-grid post-13104 post type-post status-publish format-standard has-post-thumbnail hentry category-afectiuni-emotionale tag-add-ro tag-adhd-ro tag-afectiuni-emotionale tag-ghidul-afectiunilor\">\n<div class=\"fusion-post-wrapper\" style=\"background-color:rgba(255,255,255,0);border:1px solid rgba(173,144,195,0.15);border-bottom-width:3px;\"><div class=\"fusion-post-content-wrapper\" style=\"padding:30px 25px 20px 25px;\"><div class=\"fusion-post-content post-content\"><h2 class=\"blog-shortcode-post-title entry-title\"><a href=\"https:\/\/www.naturalviavita.com\/ro\/afectiuni-emotionale\/adhd\/\">ADD \/ ADHD<\/a><\/h2><\/div><\/div><div class=\"fusion-clearfix\"><\/div><\/div>\n<\/article>\n<article id=\"blog-1-post-13189\" class=\"fusion-post-grid post-13189 post type-post status-publish format-standard has-post-thumbnail hentry category-afectiuni-digestive tag-afectiuni-digestive tag-balonare tag-ghidul-afectiunilor tag-stomac\">\n<div class=\"fusion-post-wrapper\" style=\"background-color:rgba(255,255,255,0);border:1px solid rgba(173,144,195,0.15);border-bottom-width:3px;\"><div class=\"fusion-post-content-wrapper\" style=\"padding:30px 25px 20px 25px;\"><div class=\"fusion-post-content post-content\"><h2 class=\"blog-shortcode-post-title entry-title\"><a href=\"https:\/\/www.naturalviavita.com\/ro\/afectiuni-digestive\/balonare\/\">Balonare<\/a><\/h2><\/div><\/div><div class=\"fusion-clearfix\"><\/div><\/div>\n<\/article>\n<article id=\"blog-1-post-13146\" class=\"fusion-post-grid post-13146 post type-post status-publish format-standard has-post-thumbnail hentry category-afectiuni-ale-sistemului-respirator tag-afectiuni-respiratorii tag-bpoc tag-ghidul-afectiunilor tag-plamani\">\n<div class=\"fusion-post-wrapper\" style=\"background-color:rgba(255,255,255,0);border:1px solid rgba(173,144,195,0.15);border-bottom-width:3px;\"><div class=\"fusion-post-content-wrapper\" style=\"padding:30px 25px 20px 25px;\"><div class=\"fusion-post-content post-content\"><h2 class=\"blog-shortcode-post-title entry-title\"><a href=\"https:\/\/www.naturalviavita.com\/ro\/afectiuni-ale-sistemului-respirator\/bpoc-boala-pulmonara-obstructiva-cronica\/\">BPOC &#8211; Boala pulmonar\u0103 obstructiv\u0103 cronic\u0103<\/a><\/h2><\/div><\/div><div class=\"fusion-clearfix\"><\/div><\/div>\n<\/article>\n<article id=\"blog-1-post-13589\" class=\"fusion-post-grid post-13589 post type-post status-publish format-standard has-post-thumbnail hentry category-afectiuni-cardiovasculare tag-afectiuni-cardiovasculare tag-colesterol tag-ghidul-afectiunilor tag-inima tag-sange\">\n<div class=\"fusion-post-wrapper\" style=\"background-color:rgba(255,255,255,0);border:1px solid rgba(173,144,195,0.15);border-bottom-width:3px;\"><div class=\"fusion-post-content-wrapper\" style=\"padding:30px 25px 20px 25px;\"><div class=\"fusion-post-content post-content\"><h2 class=\"blog-shortcode-post-title entry-title\"><a href=\"https:\/\/www.naturalviavita.com\/ro\/afectiuni-cardiovasculare\/colesterol\/\">Colesterol<\/a><\/h2><\/div><\/div><div class=\"fusion-clearfix\"><\/div><\/div>\n<\/article>\n<div class=\"fusion-clearfix\"><\/div><\/div><\/div><\/div><\/div><\/div><\/div><div class=\"fusion-fullwidth fullwidth-box fusion-builder-row-3 fusion-flex-container nonhundred-percent-fullwidth non-hundred-percent-height-scrolling\" style=\"--awb-border-radius-top-left:0px;--awb-border-radius-top-right:0px;--awb-border-radius-bottom-right:0px;--awb-border-radius-bottom-left:0px;--awb-flex-wrap:wrap;\" ><div class=\"fusion-builder-row fusion-row fusion-flex-align-items-flex-start fusion-flex-content-wrap\" style=\"max-width:1216.8px;margin-left: calc(-4% \/ 2 );margin-right: calc(-4% \/ 2 );\"><div class=\"fusion-layout-column fusion_builder_column fusion-builder-column-3 fusion_builder_column_1_1 1_1 fusion-flex-column\" style=\"--awb-bg-size:cover;--awb-width-large:100%;--awb-margin-top-large:0px;--awb-spacing-right-large:1.92%;--awb-margin-bottom-large:0px;--awb-spacing-left-large:1.92%;--awb-width-medium:100%;--awb-order-medium:0;--awb-spacing-right-medium:1.92%;--awb-spacing-left-medium:1.92%;--awb-width-small:100%;--awb-order-small:0;--awb-spacing-right-small:1.92%;--awb-spacing-left-small:1.92%;\"><div class=\"fusion-column-wrapper fusion-column-has-shadow fusion-flex-justify-content-flex-start fusion-content-layout-column\"><div class=\"fusion-separator fusion-full-width-sep\" style=\"align-self: center;margin-left: auto;margin-right: auto;margin-top:35px;width:100%;\"><\/div><\/div><\/div><\/div><\/div><div class=\"fusion-fullwidth fullwidth-box fusion-builder-row-4 fusion-flex-container has-pattern-background has-mask-background nonhundred-percent-fullwidth non-hundred-percent-height-scrolling\" style=\"--awb-border-radius-top-left:0px;--awb-border-radius-top-right:0px;--awb-border-radius-bottom-right:0px;--awb-border-radius-bottom-left:0px;--awb-flex-wrap:wrap;\" ><div class=\"fusion-builder-row fusion-row fusion-flex-align-items-flex-start fusion-flex-content-wrap\" style=\"max-width:1216.8px;margin-left: calc(-4% \/ 2 );margin-right: calc(-4% \/ 2 );\"><div class=\"fusion-layout-column fusion_builder_column fusion-builder-column-4 fusion_builder_column_1_1 1_1 fusion-flex-column\" style=\"--awb-padding-top:10px;--awb-padding-right:10px;--awb-padding-bottom:25px;--awb-padding-left:10px;--awb-bg-color:var(--awb-color3);--awb-bg-color-hover:var(--awb-color3);--awb-bg-size:cover;--awb-width-large:100%;--awb-margin-top-large:0px;--awb-spacing-right-large:1.92%;--awb-margin-bottom-large:0px;--awb-spacing-left-large:1.92%;--awb-width-medium:100%;--awb-order-medium:0;--awb-spacing-right-medium:1.92%;--awb-spacing-left-medium:1.92%;--awb-width-small:100%;--awb-order-small:0;--awb-spacing-right-small:1.92%;--awb-spacing-left-small:1.92%;\"><div class=\"fusion-column-wrapper fusion-column-has-shadow fusion-flex-justify-content-flex-start fusion-content-layout-column\"><div class=\"fusion-text fusion-text-1 fusion-text-no-margin\" style=\"--awb-margin-top:5px;--awb-margin-right:5px;--awb-margin-bottom:5px;--awb-margin-left:5px;\"><p><script async src=\"https:\/\/pagead2.googlesyndication.com\/pagead\/js\/adsbygoogle.js?client=ca-pub-8574888316320354\" crossorigin=\"anonymous\"><\/script><br \/>\n<ins class=\"adsbygoogle\" style=\"display: block; text-align: center;\" data-ad-layout=\"in-article\" data-ad-format=\"fluid\" data-ad-client=\"ca-pub-8574888316320354\" data-ad-slot=\"2460407847\"><\/ins><br \/>\n<script>\n     (adsbygoogle = window.adsbygoogle || []).push({});\n<\/script><\/p>\n<\/div><\/div><\/div>\n<\/div><\/div>\n<div class=\"fusion-fullwidth fullwidth-box fusion-builder-row-5 fusion-flex-container nonhundred-percent-fullwidth non-hundred-percent-height-scrolling\" style=\"--awb-border-radius-top-left:0px;--awb-border-radius-top-right:0px;--awb-border-radius-bottom-right:0px;--awb-border-radius-bottom-left:0px;--awb-flex-wrap:wrap;\" ><div class=\"fusion-builder-row fusion-row fusion-flex-align-items-flex-start fusion-flex-content-wrap\" style=\"max-width:1216.8px;margin-left: calc(-4% \/ 2 );margin-right: calc(-4% \/ 2 );\"><div class=\"fusion-layout-column fusion_builder_column fusion-builder-column-5 fusion_builder_column_1_1 1_1 fusion-flex-column\" style=\"--awb-bg-size:cover;--awb-width-large:100%;--awb-margin-top-large:0px;--awb-spacing-right-large:1.92%;--awb-margin-bottom-large:0px;--awb-spacing-left-large:1.92%;--awb-width-medium:100%;--awb-order-medium:0;--awb-spacing-right-medium:1.92%;--awb-spacing-left-medium:1.92%;--awb-width-small:100%;--awb-order-small:0;--awb-spacing-right-small:1.92%;--awb-spacing-left-small:1.92%;\"><div class=\"fusion-column-wrapper fusion-column-has-shadow fusion-flex-justify-content-flex-start fusion-content-layout-column\"><div class=\"fusion-separator fusion-full-width-sep\" style=\"align-self: center;margin-left: auto;margin-right: auto;margin-top:35px;width:100%;\"><\/div><\/div><\/div><\/div><\/div><\/p>\n","protected":false},"excerpt":{"rendered":"","protected":false},"author":1,"featured_media":13615,"parent":12247,"menu_order":0,"comment_status":"closed","ping_status":"closed","template":"","meta":{"footnotes":""},"class_list":["post-13122","page","type-page","status-publish","has-post-thumbnail","hentry"],"yoast_head":"<!-- This site is optimized with the Yoast SEO plugin v27.4 - https:\/\/yoast.com\/product\/yoast-seo-wordpress\/ -->\n<title>Ghidul tuturor afec\u021biunilor - Natural Via Vita<\/title>\n<meta name=\"description\" content=\"Afl\u0103 ce pot face uleiurile esen\u021biale pentru tine. Descoper\u0103 beneficiile aromaterapiei \u0219i cum te poate ajuta \u00een diverse afec\u021biuni.\" \/>\n<meta name=\"robots\" content=\"index, follow, max-snippet:-1, max-image-preview:large, max-video-preview:-1\" \/>\n<link rel=\"canonical\" href=\"https:\/\/www.naturalviavita.com\/ro\/ghidul-afectiunilor\/afectiuni\/\" \/>\n<meta property=\"og:locale\" content=\"ro_RO\" \/>\n<meta property=\"og:type\" content=\"article\" \/>\n<meta property=\"og:title\" content=\"Ghidul tuturor afec\u021biunilor - Natural Via Vita\" \/>\n<meta property=\"og:description\" content=\"Afl\u0103 ce pot face uleiurile esen\u021biale pentru tine. Descoper\u0103 beneficiile aromaterapiei \u0219i cum te poate ajuta \u00een diverse afec\u021biuni.\" \/>\n<meta property=\"og:url\" content=\"https:\/\/www.naturalviavita.com\/ro\/ghidul-afectiunilor\/afectiuni\/\" \/>\n<meta property=\"og:site_name\" content=\"Natural Via Vita\" \/>\n<meta property=\"article:publisher\" content=\"https:\/\/www.facebook.com\/naturalviavita\" \/>\n<meta property=\"article:modified_time\" content=\"2022-11-05T09:16:17+00:00\" \/>\n<meta property=\"og:image\" content=\"https:\/\/www.naturalviavita.com\/wp-content\/uploads\/2022\/11\/uleiuri-esentiale-pentru-diverse-afectiuni.jpg\" \/>\n\t<meta property=\"og:image:width\" content=\"2550\" \/>\n\t<meta property=\"og:image:height\" content=\"1700\" \/>\n\t<meta property=\"og:image:type\" content=\"image\/jpeg\" \/>\n<meta name=\"twitter:card\" content=\"summary_large_image\" \/>\n<meta name=\"twitter:label1\" content=\"Timp estimat pentru citire\" \/>\n\t<meta name=\"twitter:data1\" content=\"4 minute\" \/>\n<script type=\"application\/ld+json\" class=\"yoast-schema-graph\">{\"@context\":\"https:\\\/\\\/schema.org\",\"@graph\":[{\"@type\":\"WebPage\",\"@id\":\"https:\\\/\\\/www.naturalviavita.com\\\/ro\\\/ghidul-afectiunilor\\\/afectiuni\\\/\",\"url\":\"https:\\\/\\\/www.naturalviavita.com\\\/ro\\\/ghidul-afectiunilor\\\/afectiuni\\\/\",\"name\":\"Ghidul tuturor afec\u021biunilor - Natural Via Vita\",\"isPartOf\":{\"@id\":\"https:\\\/\\\/www.naturalviavita.com\\\/ro\\\/#website\"},\"primaryImageOfPage\":{\"@id\":\"https:\\\/\\\/www.naturalviavita.com\\\/ro\\\/ghidul-afectiunilor\\\/afectiuni\\\/#primaryimage\"},\"image\":{\"@id\":\"https:\\\/\\\/www.naturalviavita.com\\\/ro\\\/ghidul-afectiunilor\\\/afectiuni\\\/#primaryimage\"},\"thumbnailUrl\":\"https:\\\/\\\/www.naturalviavita.com\\\/wp-content\\\/uploads\\\/2022\\\/11\\\/uleiuri-esentiale-pentru-diverse-afectiuni.jpg\",\"datePublished\":\"2022-09-16T15:34:09+00:00\",\"dateModified\":\"2022-11-05T09:16:17+00:00\",\"description\":\"Afl\u0103 ce pot face uleiurile esen\u021biale pentru tine. Descoper\u0103 beneficiile aromaterapiei \u0219i cum te poate ajuta \u00een diverse afec\u021biuni.\",\"breadcrumb\":{\"@id\":\"https:\\\/\\\/www.naturalviavita.com\\\/ro\\\/ghidul-afectiunilor\\\/afectiuni\\\/#breadcrumb\"},\"inLanguage\":\"ro-RO\",\"potentialAction\":[{\"@type\":\"ReadAction\",\"target\":[\"https:\\\/\\\/www.naturalviavita.com\\\/ro\\\/ghidul-afectiunilor\\\/afectiuni\\\/\"]}]},{\"@type\":\"ImageObject\",\"inLanguage\":\"ro-RO\",\"@id\":\"https:\\\/\\\/www.naturalviavita.com\\\/ro\\\/ghidul-afectiunilor\\\/afectiuni\\\/#primaryimage\",\"url\":\"https:\\\/\\\/www.naturalviavita.com\\\/wp-content\\\/uploads\\\/2022\\\/11\\\/uleiuri-esentiale-pentru-diverse-afectiuni.jpg\",\"contentUrl\":\"https:\\\/\\\/www.naturalviavita.com\\\/wp-content\\\/uploads\\\/2022\\\/11\\\/uleiuri-esentiale-pentru-diverse-afectiuni.jpg\",\"width\":2550,\"height\":1700,\"caption\":\"uleiuri esen\u021biale pentru afec\u021biuni\"},{\"@type\":\"BreadcrumbList\",\"@id\":\"https:\\\/\\\/www.naturalviavita.com\\\/ro\\\/ghidul-afectiunilor\\\/afectiuni\\\/#breadcrumb\",\"itemListElement\":[{\"@type\":\"ListItem\",\"position\":1,\"name\":\"Home\",\"item\":\"https:\\\/\\\/www.naturalviavita.com\\\/ro\\\/\"},{\"@type\":\"ListItem\",\"position\":2,\"name\":\"Ghidul Afec\u021biunilor\",\"item\":\"https:\\\/\\\/www.naturalviavita.com\\\/ro\\\/ailment-guide\\\/\"},{\"@type\":\"ListItem\",\"position\":3,\"name\":\"Ghidul tuturor afec\u021biunilor\"}]},{\"@type\":\"WebSite\",\"@id\":\"https:\\\/\\\/www.naturalviavita.com\\\/ro\\\/#website\",\"url\":\"https:\\\/\\\/www.naturalviavita.com\\\/ro\\\/\",\"name\":\"Natural Via Vita\",\"description\":\"Lumea Uleiurilor Esen\u021biale\",\"publisher\":{\"@id\":\"https:\\\/\\\/www.naturalviavita.com\\\/ro\\\/#organization\"},\"potentialAction\":[{\"@type\":\"SearchAction\",\"target\":{\"@type\":\"EntryPoint\",\"urlTemplate\":\"https:\\\/\\\/www.naturalviavita.com\\\/ro\\\/?s={search_term_string}\"},\"query-input\":{\"@type\":\"PropertyValueSpecification\",\"valueRequired\":true,\"valueName\":\"search_term_string\"}}],\"inLanguage\":\"ro-RO\"},{\"@type\":\"Organization\",\"@id\":\"https:\\\/\\\/www.naturalviavita.com\\\/ro\\\/#organization\",\"name\":\"Natural Via Vita\",\"url\":\"https:\\\/\\\/www.naturalviavita.com\\\/ro\\\/\",\"logo\":{\"@type\":\"ImageObject\",\"inLanguage\":\"ro-RO\",\"@id\":\"https:\\\/\\\/www.naturalviavita.com\\\/ro\\\/#\\\/schema\\\/logo\\\/image\\\/\",\"url\":\"https:\\\/\\\/www.naturalviavita.com\\\/wp-content\\\/uploads\\\/2022\\\/05\\\/logo-natural-via-vita-2-1x1-1.jpg\",\"contentUrl\":\"https:\\\/\\\/www.naturalviavita.com\\\/wp-content\\\/uploads\\\/2022\\\/05\\\/logo-natural-via-vita-2-1x1-1.jpg\",\"width\":900,\"height\":900,\"caption\":\"Natural Via Vita\"},\"image\":{\"@id\":\"https:\\\/\\\/www.naturalviavita.com\\\/ro\\\/#\\\/schema\\\/logo\\\/image\\\/\"},\"sameAs\":[\"https:\\\/\\\/www.facebook.com\\\/naturalviavita\",\"https:\\\/\\\/www.pinterest.com\\\/naturalviavita\\\/\"]}]}<\/script>\n<!-- \/ Yoast SEO plugin. -->","yoast_head_json":{"title":"Ghidul tuturor afec\u021biunilor - Natural Via Vita","description":"Afl\u0103 ce pot face uleiurile esen\u021biale pentru tine. Descoper\u0103 beneficiile aromaterapiei \u0219i cum te poate ajuta \u00een diverse afec\u021biuni.","robots":{"index":"index","follow":"follow","max-snippet":"max-snippet:-1","max-image-preview":"max-image-preview:large","max-video-preview":"max-video-preview:-1"},"canonical":"https:\/\/www.naturalviavita.com\/ro\/ghidul-afectiunilor\/afectiuni\/","og_locale":"ro_RO","og_type":"article","og_title":"Ghidul tuturor afec\u021biunilor - Natural Via Vita","og_description":"Afl\u0103 ce pot face uleiurile esen\u021biale pentru tine. Descoper\u0103 beneficiile aromaterapiei \u0219i cum te poate ajuta \u00een diverse afec\u021biuni.","og_url":"https:\/\/www.naturalviavita.com\/ro\/ghidul-afectiunilor\/afectiuni\/","og_site_name":"Natural Via Vita","article_publisher":"https:\/\/www.facebook.com\/naturalviavita","article_modified_time":"2022-11-05T09:16:17+00:00","og_image":[{"width":2550,"height":1700,"url":"https:\/\/www.naturalviavita.com\/wp-content\/uploads\/2022\/11\/uleiuri-esentiale-pentru-diverse-afectiuni.jpg","type":"image\/jpeg"}],"twitter_card":"summary_large_image","twitter_misc":{"Timp estimat pentru citire":"4 minute"},"schema":{"@context":"https:\/\/schema.org","@graph":[{"@type":"WebPage","@id":"https:\/\/www.naturalviavita.com\/ro\/ghidul-afectiunilor\/afectiuni\/","url":"https:\/\/www.naturalviavita.com\/ro\/ghidul-afectiunilor\/afectiuni\/","name":"Ghidul tuturor afec\u021biunilor - Natural Via Vita","isPartOf":{"@id":"https:\/\/www.naturalviavita.com\/ro\/#website"},"primaryImageOfPage":{"@id":"https:\/\/www.naturalviavita.com\/ro\/ghidul-afectiunilor\/afectiuni\/#primaryimage"},"image":{"@id":"https:\/\/www.naturalviavita.com\/ro\/ghidul-afectiunilor\/afectiuni\/#primaryimage"},"thumbnailUrl":"https:\/\/www.naturalviavita.com\/wp-content\/uploads\/2022\/11\/uleiuri-esentiale-pentru-diverse-afectiuni.jpg","datePublished":"2022-09-16T15:34:09+00:00","dateModified":"2022-11-05T09:16:17+00:00","description":"Afl\u0103 ce pot face uleiurile esen\u021biale pentru tine. Descoper\u0103 beneficiile aromaterapiei \u0219i cum te poate ajuta \u00een diverse afec\u021biuni.","breadcrumb":{"@id":"https:\/\/www.naturalviavita.com\/ro\/ghidul-afectiunilor\/afectiuni\/#breadcrumb"},"inLanguage":"ro-RO","potentialAction":[{"@type":"ReadAction","target":["https:\/\/www.naturalviavita.com\/ro\/ghidul-afectiunilor\/afectiuni\/"]}]},{"@type":"ImageObject","inLanguage":"ro-RO","@id":"https:\/\/www.naturalviavita.com\/ro\/ghidul-afectiunilor\/afectiuni\/#primaryimage","url":"https:\/\/www.naturalviavita.com\/wp-content\/uploads\/2022\/11\/uleiuri-esentiale-pentru-diverse-afectiuni.jpg","contentUrl":"https:\/\/www.naturalviavita.com\/wp-content\/uploads\/2022\/11\/uleiuri-esentiale-pentru-diverse-afectiuni.jpg","width":2550,"height":1700,"caption":"uleiuri esen\u021biale pentru afec\u021biuni"},{"@type":"BreadcrumbList","@id":"https:\/\/www.naturalviavita.com\/ro\/ghidul-afectiunilor\/afectiuni\/#breadcrumb","itemListElement":[{"@type":"ListItem","position":1,"name":"Home","item":"https:\/\/www.naturalviavita.com\/ro\/"},{"@type":"ListItem","position":2,"name":"Ghidul Afec\u021biunilor","item":"https:\/\/www.naturalviavita.com\/ro\/ailment-guide\/"},{"@type":"ListItem","position":3,"name":"Ghidul tuturor afec\u021biunilor"}]},{"@type":"WebSite","@id":"https:\/\/www.naturalviavita.com\/ro\/#website","url":"https:\/\/www.naturalviavita.com\/ro\/","name":"Natural Via Vita","description":"Lumea Uleiurilor Esen\u021biale","publisher":{"@id":"https:\/\/www.naturalviavita.com\/ro\/#organization"},"potentialAction":[{"@type":"SearchAction","target":{"@type":"EntryPoint","urlTemplate":"https:\/\/www.naturalviavita.com\/ro\/?s={search_term_string}"},"query-input":{"@type":"PropertyValueSpecification","valueRequired":true,"valueName":"search_term_string"}}],"inLanguage":"ro-RO"},{"@type":"Organization","@id":"https:\/\/www.naturalviavita.com\/ro\/#organization","name":"Natural Via Vita","url":"https:\/\/www.naturalviavita.com\/ro\/","logo":{"@type":"ImageObject","inLanguage":"ro-RO","@id":"https:\/\/www.naturalviavita.com\/ro\/#\/schema\/logo\/image\/","url":"https:\/\/www.naturalviavita.com\/wp-content\/uploads\/2022\/05\/logo-natural-via-vita-2-1x1-1.jpg","contentUrl":"https:\/\/www.naturalviavita.com\/wp-content\/uploads\/2022\/05\/logo-natural-via-vita-2-1x1-1.jpg","width":900,"height":900,"caption":"Natural Via Vita"},"image":{"@id":"https:\/\/www.naturalviavita.com\/ro\/#\/schema\/logo\/image\/"},"sameAs":["https:\/\/www.facebook.com\/naturalviavita","https:\/\/www.pinterest.com\/naturalviavita\/"]}]}},"_links":{"self":[{"href":"https:\/\/www.naturalviavita.com\/ro\/wp-json\/wp\/v2\/pages\/13122","targetHints":{"allow":["GET"]}}],"collection":[{"href":"https:\/\/www.naturalviavita.com\/ro\/wp-json\/wp\/v2\/pages"}],"about":[{"href":"https:\/\/www.naturalviavita.com\/ro\/wp-json\/wp\/v2\/types\/page"}],"author":[{"embeddable":true,"href":"https:\/\/www.naturalviavita.com\/ro\/wp-json\/wp\/v2\/users\/1"}],"replies":[{"embeddable":true,"href":"https:\/\/www.naturalviavita.com\/ro\/wp-json\/wp\/v2\/comments?post=13122"}],"version-history":[{"count":0,"href":"https:\/\/www.naturalviavita.com\/ro\/wp-json\/wp\/v2\/pages\/13122\/revisions"}],"up":[{"embeddable":true,"href":"https:\/\/www.naturalviavita.com\/ro\/wp-json\/wp\/v2\/pages\/12247"}],"wp:featuredmedia":[{"embeddable":true,"href":"https:\/\/www.naturalviavita.com\/ro\/wp-json\/wp\/v2\/media\/13615"}],"wp:attachment":[{"href":"https:\/\/www.naturalviavita.com\/ro\/wp-json\/wp\/v2\/media?parent=13122"}],"curies":[{"name":"wp","href":"https:\/\/api.w.org\/{rel}","templated":true}]}}